{"id":26987,"date":"2022-08-31T15:10:14","date_gmt":"2022-08-31T13:11:56","guid":{"rendered":"https:\/\/www.gangzai-design.com\/?post_type=product&#038;p=26987"},"modified":"2024-12-13T17:49:52","modified_gmt":"2024-12-13T16:49:52","slug":"rectangular-trinket-tray_dede_gd523","status":"publish","type":"product","link":"https:\/\/www.gangzai-design.com\/en\/product\/rectangular-trinket-tray_dede_gd523\/","title":{"rendered":"RECTANGULAR TRINKET TRAY_D\u00c9D\u00c9_GD523"},"content":{"rendered":"","protected":false},"excerpt":{"rendered":"<p>Size: 12,5\u00d728 cm<br \/>\nIron<br \/>\nInside clear enamel<br \/>\nHandmade product<br \/>\nSlight print and color variations might arise from piece to piece<br \/>\nClean with a wet or dry dishcloth<\/p>\n<p>Indoor trays only<\/p>\n<p>UV sensitive<\/p>\n","protected":false},"featured_media":26984,"template":"","meta":{"_acf_changed":false},"product_brand":[],"product_cat":[93,94,113,117],"product_tag":[],"class_list":{"0":"post-26987","1":"product","2":"type-product","3":"status-publish","4":"has-post-thumbnail","6":"product_cat-curiosito-collection-en","7":"product_cat-curiosito-designs-en","8":"product_cat-curiosito-products-en","9":"product_cat-vide-poches-rectangulaires-en","11":"first","12":"outofstock","13":"shipping-taxable","14":"purchasable","15":"product-type-simple"},"acf":{"sellsy_id":"10719191","sellsy_standard_quantity":4},"yoast_head":"<!-- This site is optimized with the Yoast SEO plugin v25.3 - https:\/\/yoast.com\/wordpress\/plugins\/seo\/ -->\n<title>RECTANGULAR TRINKET TRAY_D\u00c9D\u00c9_GD523 | GANGZAI<\/title>\n<meta name=\"robots\" content=\"index, follow, max-snippet:-1, max-image-preview:large, max-video-preview:-1\" \/>\n<link rel=\"canonical\" href=\"https:\/\/www.gangzai-design.com\/en\/product\/rectangular-trinket-tray_dede_gd523\/\" \/>\n<meta property=\"og:locale\" content=\"en_US\" \/>\n<meta property=\"og:type\" content=\"article\" \/>\n<meta property=\"og:title\" content=\"RECTANGULAR TRINKET TRAY_D\u00c9D\u00c9_GD523 | GANGZAI\" \/>\n<meta property=\"og:description\" content=\"Size: 12,5\u00d728 cm Iron Inside clear enamel Handmade product Slight print and color variations might arise from piece to piece Clean with a wet or dry dishcloth  Indoor trays only  UV sensitive\" \/>\n<meta property=\"og:url\" content=\"https:\/\/www.gangzai-design.com\/en\/product\/rectangular-trinket-tray_dede_gd523\/\" \/>\n<meta property=\"og:site_name\" content=\"GANGZAI\" \/>\n<meta property=\"article:publisher\" content=\"https:\/\/www.facebook.com\/gangzaidesign\" \/>\n<meta property=\"article:modified_time\" content=\"2024-12-13T16:49:52+00:00\" \/>\n<meta property=\"og:image\" content=\"https:\/\/www.gangzai-design.com\/wp-content\/uploads\/2022\/08\/DE\u0301DE\u0301-FRONT.jpg\" \/>\n\t<meta property=\"og:image:width\" content=\"600\" \/>\n\t<meta property=\"og:image:height\" content=\"600\" \/>\n\t<meta property=\"og:image:type\" content=\"image\/jpeg\" \/>\n<meta name=\"twitter:card\" content=\"summary_large_image\" \/>\n<script type=\"application\/ld+json\" class=\"yoast-schema-graph\">{\"@context\":\"https:\/\/schema.org\",\"@graph\":[{\"@type\":\"WebPage\",\"@id\":\"https:\/\/www.gangzai-design.com\/en\/product\/rectangular-trinket-tray_dede_gd523\/\",\"url\":\"https:\/\/www.gangzai-design.com\/en\/product\/rectangular-trinket-tray_dede_gd523\/\",\"name\":\"RECTANGULAR TRINKET TRAY_D\u00c9D\u00c9_GD523 | GANGZAI\",\"isPartOf\":{\"@id\":\"https:\/\/www.gangzai-design.com\/#website\"},\"primaryImageOfPage\":{\"@id\":\"https:\/\/www.gangzai-design.com\/en\/product\/rectangular-trinket-tray_dede_gd523\/#primaryimage\"},\"image\":{\"@id\":\"https:\/\/www.gangzai-design.com\/en\/product\/rectangular-trinket-tray_dede_gd523\/#primaryimage\"},\"thumbnailUrl\":\"https:\/\/www.gangzai-design.com\/wp-content\/uploads\/2022\/08\/DE\u0301DE\u0301-FRONT.jpg\",\"datePublished\":\"2022-08-31T13:11:56+00:00\",\"dateModified\":\"2024-12-13T16:49:52+00:00\",\"breadcrumb\":{\"@id\":\"https:\/\/www.gangzai-design.com\/en\/product\/rectangular-trinket-tray_dede_gd523\/#breadcrumb\"},\"inLanguage\":\"en-US\",\"potentialAction\":[{\"@type\":\"ReadAction\",\"target\":[\"https:\/\/www.gangzai-design.com\/en\/product\/rectangular-trinket-tray_dede_gd523\/\"]}]},{\"@type\":\"ImageObject\",\"inLanguage\":\"en-US\",\"@id\":\"https:\/\/www.gangzai-design.com\/en\/product\/rectangular-trinket-tray_dede_gd523\/#primaryimage\",\"url\":\"https:\/\/www.gangzai-design.com\/wp-content\/uploads\/2022\/08\/DE\u0301DE\u0301-FRONT.jpg\",\"contentUrl\":\"https:\/\/www.gangzai-design.com\/wp-content\/uploads\/2022\/08\/DE\u0301DE\u0301-FRONT.jpg\",\"width\":600,\"height\":600},{\"@type\":\"BreadcrumbList\",\"@id\":\"https:\/\/www.gangzai-design.com\/en\/product\/rectangular-trinket-tray_dede_gd523\/#breadcrumb\",\"itemListElement\":[{\"@type\":\"ListItem\",\"position\":1,\"name\":\"Collections\",\"item\":\"https:\/\/www.gangzai-design.com\/shop\/\"},{\"@type\":\"ListItem\",\"position\":2,\"name\":\"RECTANGULAR TRINKET TRAY_D\u00c9D\u00c9_GD523\"}]},{\"@type\":\"WebSite\",\"@id\":\"https:\/\/www.gangzai-design.com\/#website\",\"url\":\"https:\/\/www.gangzai-design.com\/\",\"name\":\"GANGZAI\",\"description\":\"Studio de cr\u00e9ation d\u2019objets d\u00e9cal\u00e9s\",\"publisher\":{\"@id\":\"https:\/\/www.gangzai-design.com\/#organization\"},\"potentialAction\":[{\"@type\":\"SearchAction\",\"target\":{\"@type\":\"EntryPoint\",\"urlTemplate\":\"https:\/\/www.gangzai-design.com\/?s={search_term_string}\"},\"query-input\":{\"@type\":\"PropertyValueSpecification\",\"valueRequired\":true,\"valueName\":\"search_term_string\"}}],\"inLanguage\":\"en-US\"},{\"@type\":\"Organization\",\"@id\":\"https:\/\/www.gangzai-design.com\/#organization\",\"name\":\"GANGZA\u00cf-DESIGN\",\"url\":\"https:\/\/www.gangzai-design.com\/\",\"logo\":{\"@type\":\"ImageObject\",\"inLanguage\":\"en-US\",\"@id\":\"https:\/\/www.gangzai-design.com\/#\/schema\/logo\/image\/\",\"url\":\"https:\/\/www.gangzai-design.com\/wp-content\/uploads\/2021\/04\/logo-gangzai-design.png\",\"contentUrl\":\"https:\/\/www.gangzai-design.com\/wp-content\/uploads\/2021\/04\/logo-gangzai-design.png\",\"width\":300,\"height\":164,\"caption\":\"GANGZA\u00cf-DESIGN\"},\"image\":{\"@id\":\"https:\/\/www.gangzai-design.com\/#\/schema\/logo\/image\/\"},\"sameAs\":[\"https:\/\/www.facebook.com\/gangzaidesign\"]}]}<\/script>\n<!-- \/ Yoast SEO plugin. -->","yoast_head_json":{"title":"RECTANGULAR TRINKET TRAY_D\u00c9D\u00c9_GD523 | GANGZAI","robots":{"index":"index","follow":"follow","max-snippet":"max-snippet:-1","max-image-preview":"max-image-preview:large","max-video-preview":"max-video-preview:-1"},"canonical":"https:\/\/www.gangzai-design.com\/en\/product\/rectangular-trinket-tray_dede_gd523\/","og_locale":"en_US","og_type":"article","og_title":"RECTANGULAR TRINKET TRAY_D\u00c9D\u00c9_GD523 | GANGZAI","og_description":"Size: 12,5\u00d728 cm Iron Inside clear enamel Handmade product Slight print and color variations might arise from piece to piece Clean with a wet or dry dishcloth  Indoor trays only  UV sensitive","og_url":"https:\/\/www.gangzai-design.com\/en\/product\/rectangular-trinket-tray_dede_gd523\/","og_site_name":"GANGZAI","article_publisher":"https:\/\/www.facebook.com\/gangzaidesign","article_modified_time":"2024-12-13T16:49:52+00:00","og_image":[{"width":600,"height":600,"url":"https:\/\/www.gangzai-design.com\/wp-content\/uploads\/2022\/08\/DE\u0301DE\u0301-FRONT.jpg","type":"image\/jpeg"}],"twitter_card":"summary_large_image","schema":{"@context":"https:\/\/schema.org","@graph":[{"@type":"WebPage","@id":"https:\/\/www.gangzai-design.com\/en\/product\/rectangular-trinket-tray_dede_gd523\/","url":"https:\/\/www.gangzai-design.com\/en\/product\/rectangular-trinket-tray_dede_gd523\/","name":"RECTANGULAR TRINKET TRAY_D\u00c9D\u00c9_GD523 | GANGZAI","isPartOf":{"@id":"https:\/\/www.gangzai-design.com\/#website"},"primaryImageOfPage":{"@id":"https:\/\/www.gangzai-design.com\/en\/product\/rectangular-trinket-tray_dede_gd523\/#primaryimage"},"image":{"@id":"https:\/\/www.gangzai-design.com\/en\/product\/rectangular-trinket-tray_dede_gd523\/#primaryimage"},"thumbnailUrl":"https:\/\/www.gangzai-design.com\/wp-content\/uploads\/2022\/08\/DE\u0301DE\u0301-FRONT.jpg","datePublished":"2022-08-31T13:11:56+00:00","dateModified":"2024-12-13T16:49:52+00:00","breadcrumb":{"@id":"https:\/\/www.gangzai-design.com\/en\/product\/rectangular-trinket-tray_dede_gd523\/#breadcrumb"},"inLanguage":"en-US","potentialAction":[{"@type":"ReadAction","target":["https:\/\/www.gangzai-design.com\/en\/product\/rectangular-trinket-tray_dede_gd523\/"]}]},{"@type":"ImageObject","inLanguage":"en-US","@id":"https:\/\/www.gangzai-design.com\/en\/product\/rectangular-trinket-tray_dede_gd523\/#primaryimage","url":"https:\/\/www.gangzai-design.com\/wp-content\/uploads\/2022\/08\/DE\u0301DE\u0301-FRONT.jpg","contentUrl":"https:\/\/www.gangzai-design.com\/wp-content\/uploads\/2022\/08\/DE\u0301DE\u0301-FRONT.jpg","width":600,"height":600},{"@type":"BreadcrumbList","@id":"https:\/\/www.gangzai-design.com\/en\/product\/rectangular-trinket-tray_dede_gd523\/#breadcrumb","itemListElement":[{"@type":"ListItem","position":1,"name":"Collections","item":"https:\/\/www.gangzai-design.com\/shop\/"},{"@type":"ListItem","position":2,"name":"RECTANGULAR TRINKET TRAY_D\u00c9D\u00c9_GD523"}]},{"@type":"WebSite","@id":"https:\/\/www.gangzai-design.com\/#website","url":"https:\/\/www.gangzai-design.com\/","name":"GANGZAI","description":"Studio de cr\u00e9ation d\u2019objets d\u00e9cal\u00e9s","publisher":{"@id":"https:\/\/www.gangzai-design.com\/#organization"},"potentialAction":[{"@type":"SearchAction","target":{"@type":"EntryPoint","urlTemplate":"https:\/\/www.gangzai-design.com\/?s={search_term_string}"},"query-input":{"@type":"PropertyValueSpecification","valueRequired":true,"valueName":"search_term_string"}}],"inLanguage":"en-US"},{"@type":"Organization","@id":"https:\/\/www.gangzai-design.com\/#organization","name":"GANGZA\u00cf-DESIGN","url":"https:\/\/www.gangzai-design.com\/","logo":{"@type":"ImageObject","inLanguage":"en-US","@id":"https:\/\/www.gangzai-design.com\/#\/schema\/logo\/image\/","url":"https:\/\/www.gangzai-design.com\/wp-content\/uploads\/2021\/04\/logo-gangzai-design.png","contentUrl":"https:\/\/www.gangzai-design.com\/wp-content\/uploads\/2021\/04\/logo-gangzai-design.png","width":300,"height":164,"caption":"GANGZA\u00cf-DESIGN"},"image":{"@id":"https:\/\/www.gangzai-design.com\/#\/schema\/logo\/image\/"},"sameAs":["https:\/\/www.facebook.com\/gangzaidesign"]}]}},"_links":{"self":[{"href":"https:\/\/www.gangzai-design.com\/en\/wp-json\/wp\/v2\/product\/26987","targetHints":{"allow":["GET"]}}],"collection":[{"href":"https:\/\/www.gangzai-design.com\/en\/wp-json\/wp\/v2\/product"}],"about":[{"href":"https:\/\/www.gangzai-design.com\/en\/wp-json\/wp\/v2\/types\/product"}],"wp:featuredmedia":[{"embeddable":true,"href":"https:\/\/www.gangzai-design.com\/en\/wp-json\/wp\/v2\/media\/26984"}],"wp:attachment":[{"href":"https:\/\/www.gangzai-design.com\/en\/wp-json\/wp\/v2\/media?parent=26987"}],"wp:term":[{"taxonomy":"product_brand","embeddable":true,"href":"https:\/\/www.gangzai-design.com\/en\/wp-json\/wp\/v2\/product_brand?post=26987"},{"taxonomy":"product_cat","embeddable":true,"href":"https:\/\/www.gangzai-design.com\/en\/wp-json\/wp\/v2\/product_cat?post=26987"},{"taxonomy":"product_tag","embeddable":true,"href":"https:\/\/www.gangzai-design.com\/en\/wp-json\/wp\/v2\/product_tag?post=26987"}],"curies":[{"name":"wp","href":"https:\/\/api.w.org\/{rel}","templated":true}]}}