{"id":24,"date":"2020-01-20T11:15:39","date_gmt":"2020-01-20T10:15:39","guid":{"rendered":"https:\/\/www.gangzai-design.com\/?page_id=24"},"modified":"2023-07-07T01:32:13","modified_gmt":"2023-07-06T23:32:13","slug":"showroom","status":"publish","type":"page","link":"https:\/\/www.gangzai-design.com\/en\/showroom\/","title":{"rendered":"Showroom"},"content":{"rendered":"\n<div class=\"wp-block-columns is-layout-flex wp-container-core-columns-is-layout-9d6595d7 wp-block-columns-is-layout-flex\">\n<div class=\"wp-block-column is-layout-flow wp-block-column-is-layout-flow\">\n<figure class=\"wp-block-image size-large\"><img loading=\"lazy\" decoding=\"async\" width=\"759\" height=\"1024\" src=\"https:\/\/www.gangzai-design.com\/wp-content\/uploads\/2023\/07\/visu-1-SHOW-ROOM-1-759x1024.jpg\" alt=\"\" class=\"wp-image-34724\" srcset=\"https:\/\/www.gangzai-design.com\/wp-content\/uploads\/2023\/07\/visu-1-SHOW-ROOM-1-759x1024.jpg 759w, https:\/\/www.gangzai-design.com\/wp-content\/uploads\/2023\/07\/visu-1-SHOW-ROOM-1-222x300.jpg 222w, https:\/\/www.gangzai-design.com\/wp-content\/uploads\/2023\/07\/visu-1-SHOW-ROOM-1-768x1037.jpg 768w, https:\/\/www.gangzai-design.com\/wp-content\/uploads\/2023\/07\/visu-1-SHOW-ROOM-1-600x810.jpg 600w, https:\/\/www.gangzai-design.com\/wp-content\/uploads\/2023\/07\/visu-1-SHOW-ROOM-1.jpg 800w\" sizes=\"auto, (max-width: 759px) 100vw, 759px\" \/><\/figure>\n\n\n\n<figure class=\"wp-block-image size-large\"><img loading=\"lazy\" decoding=\"async\" width=\"666\" height=\"1024\" src=\"https:\/\/www.gangzai-design.com\/wp-content\/uploads\/2023\/07\/visu-2-SHOW-ROOM-3-666x1024.jpg\" alt=\"\" class=\"wp-image-34726\" srcset=\"https:\/\/www.gangzai-design.com\/wp-content\/uploads\/2023\/07\/visu-2-SHOW-ROOM-3-666x1024.jpg 666w, https:\/\/www.gangzai-design.com\/wp-content\/uploads\/2023\/07\/visu-2-SHOW-ROOM-3-195x300.jpg 195w, https:\/\/www.gangzai-design.com\/wp-content\/uploads\/2023\/07\/visu-2-SHOW-ROOM-3-768x1181.jpg 768w, https:\/\/www.gangzai-design.com\/wp-content\/uploads\/2023\/07\/visu-2-SHOW-ROOM-3-600x923.jpg 600w, https:\/\/www.gangzai-design.com\/wp-content\/uploads\/2023\/07\/visu-2-SHOW-ROOM-3.jpg 800w\" sizes=\"auto, (max-width: 666px) 100vw, 666px\" \/><\/figure>\n<\/div>\n\n\n\n<div class=\"wp-block-column is-layout-flow wp-block-column-is-layout-flow\">\n<p>We invite you to come and discover all our collections and new products in our showroom located in the heart of Uzes.<br><br> We look forward to welcoming you at 2 place de l&#8217;\u00c9v\u00each\u00e9, 30700 &#8211; Uzes, all year round (by appointment only).<\/p>\n\n\n\n<p><a href=\"\/en\/make-an-appointment\/\">MAKE AN APPOINTMENT<\/a><\/p>\n\n\n\n<figure class=\"wp-block-image size-large\"><img loading=\"lazy\" decoding=\"async\" width=\"688\" height=\"1024\" src=\"https:\/\/www.gangzai-design.com\/wp-content\/uploads\/2023\/07\/visu-3-688x1024.jpg\" alt=\"\" class=\"wp-image-34728\" srcset=\"https:\/\/www.gangzai-design.com\/wp-content\/uploads\/2023\/07\/visu-3-688x1024.jpg 688w, https:\/\/www.gangzai-design.com\/wp-content\/uploads\/2023\/07\/visu-3-202x300.jpg 202w, https:\/\/www.gangzai-design.com\/wp-content\/uploads\/2023\/07\/visu-3-768x1142.jpg 768w, https:\/\/www.gangzai-design.com\/wp-content\/uploads\/2023\/07\/visu-3-600x893.jpg 600w, https:\/\/www.gangzai-design.com\/wp-content\/uploads\/2023\/07\/visu-3.jpg 800w\" sizes=\"auto, (max-width: 688px) 100vw, 688px\" \/><\/figure>\n\n\n\n<figure class=\"wp-block-image size-large is-resized\"><img loading=\"lazy\" decoding=\"async\" src=\"https:\/\/www.gangzai-design.com\/wp-content\/uploads\/2023\/07\/visu-SHOW-ROOM-4.jpg\" alt=\"\" class=\"wp-image-34730\" width=\"225\" height=\"300\" srcset=\"https:\/\/www.gangzai-design.com\/wp-content\/uploads\/2023\/07\/visu-SHOW-ROOM-4.jpg 450w, https:\/\/www.gangzai-design.com\/wp-content\/uploads\/2023\/07\/visu-SHOW-ROOM-4-225x300.jpg 225w\" sizes=\"auto, (max-width: 225px) 100vw, 225px\" \/><\/figure>\n\n\n\n<figure class=\"wp-block-image size-large is-resized\"><img loading=\"lazy\" decoding=\"async\" src=\"https:\/\/www.gangzai-design.com\/wp-content\/uploads\/2023\/07\/visu-SHOW-ROOM-5.jpg\" alt=\"\" class=\"wp-image-34732\" width=\"175\" height=\"300\" srcset=\"https:\/\/www.gangzai-design.com\/wp-content\/uploads\/2023\/07\/visu-SHOW-ROOM-5.jpg 350w, https:\/\/www.gangzai-design.com\/wp-content\/uploads\/2023\/07\/visu-SHOW-ROOM-5-175x300.jpg 175w\" sizes=\"auto, (max-width: 175px) 100vw, 175px\" \/><\/figure>\n<\/div>\n<\/div>\n","protected":false},"excerpt":{"rendered":"<p>We invite you to come and discover all our collections and new products in our showroom located in the heart of Uzes. We look forward to welcoming you at 2 place de l&#8217;\u00c9v\u00each\u00e9, 30700 &#8211; Uzes, all year round (by appointment only). MAKE AN APPOINTMENT<\/p>\n","protected":false},"author":1,"featured_media":34722,"parent":0,"menu_order":0,"comment_status":"closed","ping_status":"open","template":"templates\/template-showroom.php","meta":{"_acf_changed":false,"footnotes":""},"class_list":["post-24","page","type-page","status-publish","has-post-thumbnail","hentry"],"acf":[],"yoast_head":"<!-- This site is optimized with the Yoast SEO plugin v25.3 - https:\/\/yoast.com\/wordpress\/plugins\/seo\/ -->\n<title>Showroom | GANGZAI<\/title>\n<meta name=\"description\" content=\"Showroom | GANGZAI\" \/>\n<meta name=\"robots\" content=\"index, follow, max-snippet:-1, max-image-preview:large, max-video-preview:-1\" \/>\n<link rel=\"canonical\" href=\"https:\/\/www.gangzai-design.com\/showroom\/\" \/>\n<meta property=\"og:locale\" content=\"en_US\" \/>\n<meta property=\"og:type\" content=\"article\" \/>\n<meta property=\"og:title\" content=\"Showroom | GANGZAI\" \/>\n<meta property=\"og:description\" content=\"Showroom | GANGZAI\" \/>\n<meta property=\"og:url\" content=\"https:\/\/www.gangzai-design.com\/showroom\/\" \/>\n<meta property=\"og:site_name\" content=\"GANGZAI\" \/>\n<meta property=\"article:publisher\" content=\"https:\/\/www.facebook.com\/gangzaidesign\" \/>\n<meta property=\"article:modified_time\" content=\"2023-07-06T23:32:13+00:00\" \/>\n<meta property=\"og:image\" content=\"https:\/\/www.gangzai-design.com\/wp-content\/uploads\/2023\/07\/SHOW-ROOM-BANDEAU.jpg\" \/>\n\t<meta property=\"og:image:width\" content=\"2020\" \/>\n\t<meta property=\"og:image:height\" content=\"1000\" \/>\n\t<meta property=\"og:image:type\" content=\"image\/jpeg\" \/>\n<meta name=\"twitter:card\" content=\"summary_large_image\" \/>\n<script type=\"application\/ld+json\" class=\"yoast-schema-graph\">{\"@context\":\"https:\/\/schema.org\",\"@graph\":[{\"@type\":\"WebPage\",\"@id\":\"https:\/\/www.gangzai-design.com\/showroom\/\",\"url\":\"https:\/\/www.gangzai-design.com\/showroom\/\",\"name\":\"Showroom | GANGZAI\",\"isPartOf\":{\"@id\":\"https:\/\/www.gangzai-design.com\/#website\"},\"primaryImageOfPage\":{\"@id\":\"https:\/\/www.gangzai-design.com\/showroom\/#primaryimage\"},\"image\":{\"@id\":\"https:\/\/www.gangzai-design.com\/showroom\/#primaryimage\"},\"thumbnailUrl\":\"https:\/\/www.gangzai-design.com\/wp-content\/uploads\/2023\/07\/SHOW-ROOM-BANDEAU.jpg\",\"datePublished\":\"2020-01-20T10:15:39+00:00\",\"dateModified\":\"2023-07-06T23:32:13+00:00\",\"description\":\"Showroom | GANGZAI\",\"inLanguage\":\"en-US\",\"potentialAction\":[{\"@type\":\"ReadAction\",\"target\":[\"https:\/\/www.gangzai-design.com\/showroom\/\"]}]},{\"@type\":\"ImageObject\",\"inLanguage\":\"en-US\",\"@id\":\"https:\/\/www.gangzai-design.com\/showroom\/#primaryimage\",\"url\":\"https:\/\/www.gangzai-design.com\/wp-content\/uploads\/2023\/07\/SHOW-ROOM-BANDEAU.jpg\",\"contentUrl\":\"https:\/\/www.gangzai-design.com\/wp-content\/uploads\/2023\/07\/SHOW-ROOM-BANDEAU.jpg\",\"width\":2020,\"height\":1000},{\"@type\":\"WebSite\",\"@id\":\"https:\/\/www.gangzai-design.com\/#website\",\"url\":\"https:\/\/www.gangzai-design.com\/\",\"name\":\"GANGZAI\",\"description\":\"Studio de cr\u00e9ation d\u2019objets d\u00e9cal\u00e9s\",\"publisher\":{\"@id\":\"https:\/\/www.gangzai-design.com\/#organization\"},\"potentialAction\":[{\"@type\":\"SearchAction\",\"target\":{\"@type\":\"EntryPoint\",\"urlTemplate\":\"https:\/\/www.gangzai-design.com\/?s={search_term_string}\"},\"query-input\":{\"@type\":\"PropertyValueSpecification\",\"valueRequired\":true,\"valueName\":\"search_term_string\"}}],\"inLanguage\":\"en-US\"},{\"@type\":\"Organization\",\"@id\":\"https:\/\/www.gangzai-design.com\/#organization\",\"name\":\"GANGZA\u00cf-DESIGN\",\"url\":\"https:\/\/www.gangzai-design.com\/\",\"logo\":{\"@type\":\"ImageObject\",\"inLanguage\":\"en-US\",\"@id\":\"https:\/\/www.gangzai-design.com\/#\/schema\/logo\/image\/\",\"url\":\"https:\/\/www.gangzai-design.com\/wp-content\/uploads\/2021\/04\/logo-gangzai-design.png\",\"contentUrl\":\"https:\/\/www.gangzai-design.com\/wp-content\/uploads\/2021\/04\/logo-gangzai-design.png\",\"width\":300,\"height\":164,\"caption\":\"GANGZA\u00cf-DESIGN\"},\"image\":{\"@id\":\"https:\/\/www.gangzai-design.com\/#\/schema\/logo\/image\/\"},\"sameAs\":[\"https:\/\/www.facebook.com\/gangzaidesign\"]}]}<\/script>\n<!-- \/ Yoast SEO plugin. -->","yoast_head_json":{"title":"Showroom | GANGZAI","description":"Showroom | GANGZAI","robots":{"index":"index","follow":"follow","max-snippet":"max-snippet:-1","max-image-preview":"max-image-preview:large","max-video-preview":"max-video-preview:-1"},"canonical":"https:\/\/www.gangzai-design.com\/showroom\/","og_locale":"en_US","og_type":"article","og_title":"Showroom | GANGZAI","og_description":"Showroom | GANGZAI","og_url":"https:\/\/www.gangzai-design.com\/showroom\/","og_site_name":"GANGZAI","article_publisher":"https:\/\/www.facebook.com\/gangzaidesign","article_modified_time":"2023-07-06T23:32:13+00:00","og_image":[{"width":2020,"height":1000,"url":"https:\/\/www.gangzai-design.com\/wp-content\/uploads\/2023\/07\/SHOW-ROOM-BANDEAU.jpg","type":"image\/jpeg"}],"twitter_card":"summary_large_image","schema":{"@context":"https:\/\/schema.org","@graph":[{"@type":"WebPage","@id":"https:\/\/www.gangzai-design.com\/showroom\/","url":"https:\/\/www.gangzai-design.com\/showroom\/","name":"Showroom | GANGZAI","isPartOf":{"@id":"https:\/\/www.gangzai-design.com\/#website"},"primaryImageOfPage":{"@id":"https:\/\/www.gangzai-design.com\/showroom\/#primaryimage"},"image":{"@id":"https:\/\/www.gangzai-design.com\/showroom\/#primaryimage"},"thumbnailUrl":"https:\/\/www.gangzai-design.com\/wp-content\/uploads\/2023\/07\/SHOW-ROOM-BANDEAU.jpg","datePublished":"2020-01-20T10:15:39+00:00","dateModified":"2023-07-06T23:32:13+00:00","description":"Showroom | GANGZAI","inLanguage":"en-US","potentialAction":[{"@type":"ReadAction","target":["https:\/\/www.gangzai-design.com\/showroom\/"]}]},{"@type":"ImageObject","inLanguage":"en-US","@id":"https:\/\/www.gangzai-design.com\/showroom\/#primaryimage","url":"https:\/\/www.gangzai-design.com\/wp-content\/uploads\/2023\/07\/SHOW-ROOM-BANDEAU.jpg","contentUrl":"https:\/\/www.gangzai-design.com\/wp-content\/uploads\/2023\/07\/SHOW-ROOM-BANDEAU.jpg","width":2020,"height":1000},{"@type":"WebSite","@id":"https:\/\/www.gangzai-design.com\/#website","url":"https:\/\/www.gangzai-design.com\/","name":"GANGZAI","description":"Studio de cr\u00e9ation d\u2019objets d\u00e9cal\u00e9s","publisher":{"@id":"https:\/\/www.gangzai-design.com\/#organization"},"potentialAction":[{"@type":"SearchAction","target":{"@type":"EntryPoint","urlTemplate":"https:\/\/www.gangzai-design.com\/?s={search_term_string}"},"query-input":{"@type":"PropertyValueSpecification","valueRequired":true,"valueName":"search_term_string"}}],"inLanguage":"en-US"},{"@type":"Organization","@id":"https:\/\/www.gangzai-design.com\/#organization","name":"GANGZA\u00cf-DESIGN","url":"https:\/\/www.gangzai-design.com\/","logo":{"@type":"ImageObject","inLanguage":"en-US","@id":"https:\/\/www.gangzai-design.com\/#\/schema\/logo\/image\/","url":"https:\/\/www.gangzai-design.com\/wp-content\/uploads\/2021\/04\/logo-gangzai-design.png","contentUrl":"https:\/\/www.gangzai-design.com\/wp-content\/uploads\/2021\/04\/logo-gangzai-design.png","width":300,"height":164,"caption":"GANGZA\u00cf-DESIGN"},"image":{"@id":"https:\/\/www.gangzai-design.com\/#\/schema\/logo\/image\/"},"sameAs":["https:\/\/www.facebook.com\/gangzaidesign"]}]}},"_links":{"self":[{"href":"https:\/\/www.gangzai-design.com\/en\/wp-json\/wp\/v2\/pages\/24","targetHints":{"allow":["GET"]}}],"collection":[{"href":"https:\/\/www.gangzai-design.com\/en\/wp-json\/wp\/v2\/pages"}],"about":[{"href":"https:\/\/www.gangzai-design.com\/en\/wp-json\/wp\/v2\/types\/page"}],"author":[{"embeddable":true,"href":"https:\/\/www.gangzai-design.com\/en\/wp-json\/wp\/v2\/users\/1"}],"replies":[{"embeddable":true,"href":"https:\/\/www.gangzai-design.com\/en\/wp-json\/wp\/v2\/comments?post=24"}],"version-history":[{"count":2,"href":"https:\/\/www.gangzai-design.com\/en\/wp-json\/wp\/v2\/pages\/24\/revisions"}],"predecessor-version":[{"id":34740,"href":"https:\/\/www.gangzai-design.com\/en\/wp-json\/wp\/v2\/pages\/24\/revisions\/34740"}],"wp:featuredmedia":[{"embeddable":true,"href":"https:\/\/www.gangzai-design.com\/en\/wp-json\/wp\/v2\/media\/34722"}],"wp:attachment":[{"href":"https:\/\/www.gangzai-design.com\/en\/wp-json\/wp\/v2\/media?parent=24"}],"curies":[{"name":"wp","href":"https:\/\/api.w.org\/{rel}","templated":true}]}}